{"id":6,"date":"2022-07-14T14:41:38","date_gmt":"2022-07-14T14:41:38","guid":{"rendered":"https:\/\/despachoprocurador.com\/?page_id=6"},"modified":"2022-07-14T14:43:11","modified_gmt":"2022-07-14T14:43:11","slug":"centro-roger-barri-de-asmologia-y-alergia","status":"publish","type":"page","link":"https:\/\/despachoprocurador.com\/","title":{"rendered":"CENTRO ROGER BARRI DE ASMOLOG\u00cdA Y ALERGIA"},"content":{"rendered":"\n<p><a><strong>MIEMBROS DEL CENTRO<\/strong><\/a><br><em>Dr. Jos\u00e9 M\u00aa. Roger Barri.<\/em>\u00a0Director. Licenciado en Medicina y Cirug\u00eda por la Universidad de\u00a0forex\u00a0Barcelona. T\u00edtulos oficiales de especialista en Cardiolog\u00eda, Neumolog\u00eda y Alergolog\u00eda, obtenidos en el Hospital Cl\u00ednic de Barcelona. Colegiado n\u00ba 3716 del Colegio Oficial de M\u00e9dicos de Barcelona.<br><em>Dr. Albert Roger Reig.<\/em>\u00a0Responsable de la Unidad de Alergolog\u00eda. Licenciado en Medicina y Cirug\u00eda por la Universitat Aut\u00f2noma de Barcelona. T\u00edtulo oficial de especialista en Alergolog\u00eda obtenido en el Hospital Vall d\u00b4Hebron de Barcelona. Colegiado n\u00ba 26802 del Colegio Oficial de M\u00e9dicos de Barcelona.<br><em>Dr. \u00c0lex Roger Reig.<\/em>\u00a0Responsable de la Unidad de Neumolog\u00eda. Licenciado en Medicina y Cirug\u00eda por la Universitat Aut\u00f2noma de Barcelona. T\u00edtulo oficial de especialista en Neumolog\u00eda obtenido en el Hospital Vall d\u00b4Hebron de Barcelona.<\/p>\n\n\n\n<p><a><strong>ESPECIALIZACI\u00d3N\/TRATAMIENTOS<\/strong><\/a><br>Enfermedades al\u00e9rgicas<br>&#8211; Urticaria y angioedema: ronchas, picor e hinchaz\u00f3n en la piel.<br>&#8211; Dermatitis: eczema y picor cut\u00e1neo.<br>&#8211; Conjuntivitis: picor, enrojecimiento y lagrimeo de los ojos.<br>&#8211; Rinitis: secreci\u00f3n (moco o acuosa), congesti\u00f3n (obstrucci\u00f3n), episodios de estornudos repetidos y picor nasal, puede complicarse con sinusitis.<br>&#8211; Asma: pitidos o sibilancias, dificultad respiratoria y&nbsp;como funciona el bitcoin en espana&nbsp;ahogo (a veces relacionada con ejercicio f\u00edsico), tos, opresi\u00f3n en el pecho.<br>Enfermedades respiratorias<br>&#8211; V\u00edas respiratorias altas: rinitis, sinusitis, p\u00f3lipos nasales.<br>&#8211; V\u00edas respiratorias bajas: tos, expectoraci\u00f3n, pitos, ahogo, asma, EPOC (enfermedad pulmonar obstructiva cr\u00f3nica).<\/p>\n\n\n\n<p><a><strong>APARATOLOG\u00cdA<\/strong><\/a><br>El Centro dispone de las tecnolog\u00edas diagn\u00f3sticas m\u00e1s avanzadas, por ejemplo: pruebas de alergia (prick tests e intradermorreacci\u00f3n), pruebas de provocaci\u00f3n conjuntival y nasal, rinomanometr\u00eda (t\u00e9cnica de alta precisi\u00f3n para la medici\u00f3n de los flujos y las resistencias nasales)., pruebas funcionales respiratorias (espirometr\u00eda, vol\u00famenes pulmonares, difusi\u00f3n, provocaci\u00f3n bronquial).<br>Por otra parte el Centro colabora con otros prestigiosos especialistas lo que complementa un estudio exhaustivo de cada uno de sus pacientes. Entre estos profesionales destacan radi\u00f3logos, analistas cl\u00ednicos, internistas, otorrinolaring\u00f3logos, dermat\u00f3logos, endocrin\u00f3logos.<\/p>\n\n\n\n<p><a><strong>OTROS DATOS<\/strong><\/a><br>El Centro Roger Barri de Asmolog\u00eda y Alergia desarrollan, junto a su intensa actividad asistencial, diferentes trabajos de investigaci\u00f3n cuyos resultados han&nbsp;<a href=\"https:\/\/web.archive.org\/web\/20211201081053\/https:\/\/iqoption.es\/forex\">plataforma de inversion forex<\/a>&nbsp;sido presentados en prestigiosos congresos internacionales:<br>\u00b7 American Academy of Allergy Asthma and Immunology (Denver, 2003).<br>\u00b7 American Thoracic Society (San Francisco, 2001 y Seattle, 2003).<br>\u00b7 European Academy of Allergy and Clinical Immunology (N\u00e1poles, 2002).<br>\u00b7 European Respiratory Society (Berl\u00edn, 2001 y Estocolmo, 2002).<\/p>\n\n\n\n<p><a><strong>IDIOMAS DE TRABAJO<\/strong><\/a><br>Castellano e ingl\u00e9s.<\/p>\n\n\n\n<figure class=\"wp-block-table\"><table><tbody><tr><td><a href=\"https:\/\/web.archive.org\/web\/20211201081053\/http:\/\/despachoprocurador.com\/#top\"><\/a>&nbsp;&nbsp;<a><strong>ABSTRACT<\/strong><\/a><br>Dr. Jos\u00e9 M\u00aa. Roger Barri. Director. Medicine and Surgery Degree, Barcelona University. Specialist of Cardiology, Neumology and Allergology, Barcelona Clinic Hospital.<br>Specialization\/Treatments: General Allergy diseases. General respiratory diseases.<br>Information: The Centre has the more advanced technologies of diagnosys, carried out by high qualified Professionals.<br>Languages: Spanish and English.<\/td><\/tr><\/tbody><\/table><\/figure>\n\n\n\n<p><strong>Datos Contacto<\/strong><br><br>Muntaner, 262, 1\u00ba<br>08021&nbsp; Barcelona<br>Tel. 932 092 223<br>Fax 932 095 154<br><br>centre_roger_alergia@comb.es<\/p>\n","protected":false},"excerpt":{"rendered":"<p>MIEMBROS DEL CENTRODr. Jos\u00e9 M\u00aa. Roger Barri.\u00a0Director. Licenciado en Medicina y Cirug\u00eda por la Universidad de\u00a0forex\u00a0Barcelona. T\u00edtulos oficiales de especialista en Cardiolog\u00eda, Neumolog\u00eda y Alergolog\u00eda, obtenidos en el Hospital Cl\u00ednic de Barcelona. Colegiado n\u00ba 3716 del Colegio Oficial de M\u00e9dicos de Barcelona.Dr. Albert Roger Reig.\u00a0Responsable de la Unidad de Alergolog\u00eda. Licenciado en Medicina y Cirug\u00eda [&hellip;]<\/p>\n","protected":false},"author":1,"featured_media":0,"parent":0,"menu_order":0,"comment_status":"closed","ping_status":"closed","template":"","meta":[],"_links":{"self":[{"href":"https:\/\/despachoprocurador.com\/index.php?rest_route=\/wp\/v2\/pages\/6"}],"collection":[{"href":"https:\/\/despachoprocurador.com\/index.php?rest_route=\/wp\/v2\/pages"}],"about":[{"href":"https:\/\/despachoprocurador.com\/index.php?rest_route=\/wp\/v2\/types\/page"}],"author":[{"embeddable":true,"href":"https:\/\/despachoprocurador.com\/index.php?rest_route=\/wp\/v2\/users\/1"}],"replies":[{"embeddable":true,"href":"https:\/\/despachoprocurador.com\/index.php?rest_route=%2Fwp%2Fv2%2Fcomments&post=6"}],"version-history":[{"count":3,"href":"https:\/\/despachoprocurador.com\/index.php?rest_route=\/wp\/v2\/pages\/6\/revisions"}],"predecessor-version":[{"id":10,"href":"https:\/\/despachoprocurador.com\/index.php?rest_route=\/wp\/v2\/pages\/6\/revisions\/10"}],"wp:attachment":[{"href":"https:\/\/despachoprocurador.com\/index.php?rest_route=%2Fwp%2Fv2%2Fmedia&parent=6"}],"curies":[{"name":"wp","href":"https:\/\/api.w.org\/{rel}","templated":true}]}}